{"id":1281,"date":"2026-05-09T01:49:10","date_gmt":"2026-05-09T01:49:10","guid":{"rendered":"https:\/\/dailychoicemart.shop\/?post_type=product&#038;p=1281"},"modified":"2026-05-09T02:27:05","modified_gmt":"2026-05-09T02:27:05","slug":"recipientes-de-cristal-para-alimentos-24-piezas-12-recipientes-y-12-tapas-apto-lavavajillas","status":"publish","type":"product","link":"https:\/\/dailychoicemart.shop\/pl\/produkt\/recipientes-de-cristal-para-alimentos-24-piezas-12-recipientes-y-12-tapas-apto-lavavajillas\/","title":{"rendered":"Szklane pojemniki na \u017cywno\u015b\u0107 \u2013 zestaw 24 sztuk (12 pojemnik\u00f3w i 12 pokrywek) \u2013 nadaj\u0105ce si\u0119 do mycia w zmywarce"},"content":{"rendered":"<div data-elementor-type=\"product-post\" data-elementor-id=\"1281\" class=\"elementor elementor-1281\" data-elementor-post-type=\"product\">\n\t\t\t\t<div class=\"elementor-element elementor-element-861fc6b e-flex e-con-boxed e-con e-parent\" data-id=\"861fc6b\" data-element_type=\"container\" data-e-type=\"container\" data-settings=\"{&quot;ekit_has_onepagescroll_dot&quot;:&quot;yes&quot;}\">\n\t\t\t\t\t<div class=\"e-con-inner\">\n\t\t\t\t<div class=\"elementor-element elementor-element-4eceddb9 elementor-widget elementor-widget-text-editor\" data-id=\"4eceddb9\" data-element_type=\"widget\" data-e-type=\"widget\" data-settings=\"{&quot;ekit_we_effect_on&quot;:&quot;none&quot;}\" data-widget_type=\"text-editor.default\">\n\t\t\t\t\t\t\t\t\t<!DOCTYPE html>\n<html lang=\"pl\">\n<head>\n    <meta charset=\"UTF-8\">\n    <meta name=\"viewport\" content=\"width=device-width, initial-scale=1.0\">\n    <title>Zestaw 24 Szklanych Pojemnik\u00f3w Premium | 100% Szczelne<\/title>\n    <style>\n        :root {\n            --primary-purple: #8e44ad;\n            --secondary-purple: #9b59b6;\n            --text-dark: #2c3e50;\n            --bg-light: #f4f7f6;\n        }\n\n        body {\n            font-family: 'Helvetica Neue', Arial, sans-serif;\n            margin: 0;\n            padding: 0;\n            color: var(--text-dark);\n            background-color: #fff;\n            line-height: 1.6;\n        }\n\n        .container {\n            max-width: 1100px;\n            margin: 0 auto;\n            padding: 0 20px;\n        }\n\n        \/* Hero Section *\/\n        .hero {\n            background: linear-gradient(135deg, #fdfcfd 0%, #f3e5f5 100%);\n            padding: 40px 0;\n            text-align: center;\n        }\n\n        .hero h1 {\n            color: var(--primary-purple);\n            font-size: 2.2rem;\n            margin-bottom: 10px;\n        }\n\n        .hero p {\n            font-size: 1.1rem;\n            color: #666;\n            max-width: 800px;\n            margin: 0 auto 30px;\n        }\n\n        .main-img {\n            max-width: 600px;\n            width: 100%;\n            border-radius: 12px;\n            box-shadow: 0 15px 35px rgba(0,0,0,0.1);\n        }\n\n        \/* Usage Grid (New Images 1 & 3) *\/\n        .usage-section {\n            padding: 60px 0;\n            background-color: #fff;\n        }\n\n        .section-title {\n            text-align: center;\n            color: var(--primary-purple);\n            margin-bottom: 40px;\n            font-size: 1.8rem;\n        }\n\n        .usage-grid {\n            display: grid;\n            grid-template-columns: 1fr 1fr;\n            gap: 20px;\n        }\n\n        .usage-card img {\n            width: 100%;\n            height: auto;\n            border-radius: 10px;\n            display: block;\n        }\n\n        \/* Detailed Feature (New Image 2) *\/\n        .detail-feature {\n            background-color: var(--bg-light);\n            padding: 60px 0;\n        }\n\n        .detail-flex {\n            display: flex;\n            align-items: center;\n            gap: 40px;\n            flex-wrap: wrap;\n        }\n\n        .detail-img {\n            flex: 1;\n            min-width: 300px;\n        }\n\n        .detail-img img {\n            width: 100%;\n            border-radius: 15px;\n            box-shadow: 0 10px 20px rgba(0,0,0,0.05);\n        }\n\n        .detail-text {\n            flex: 1;\n            min-width: 300px;\n        }\n\n        \/* Features Section *\/\n        .features {\n            padding: 60px 0;\n            display: grid;\n            grid-template-columns: repeat(auto-fit, minmax(200px, 1fr));\n            gap: 20px;\n            text-align: center;\n        }\n\n        .feature-item {\n            padding: 20px;\n        }\n\n        .feature-icon {\n            font-size: 2.5rem;\n            margin-bottom: 10px;\n        }\n\n        \/* CTA Section *\/\n        .cta {\n            padding: 80px 20px;\n            text-align: center;\n            background-color: var(--primary-purple);\n            color: white;\n        }\n\n        .btn-buy {\n            background-color: #fff;\n            color: var(--primary-purple);\n            padding: 18px 50px;\n            font-size: 1.3rem;\n            text-decoration: none;\n            border-radius: 50px;\n            font-weight: bold;\n            display: inline-block;\n            margin-top: 30px;\n            box-shadow: 0 4px 15px rgba(0,0,0,0.2);\n            transition: all 0.3s;\n        }\n\n        .btn-buy:hover {\n            transform: scale(1.05);\n            background-color: #f9f9f9;\n        }\n\n        footer {\n            text-align: center;\n            padding: 40px;\n            background: #2c3e50;\n            color: #bdc3c7;\n        }\n\n        \/* Mobile Optimization *\/\n        @media (max-width: 768px) {\n            .usage-grid {\n                grid-template-columns: 1fr;\n            }\n            .hero h1 { font-size: 1.8rem; }\n            .detail-flex { text-align: center; }\n        }\n    <\/style>\n<\/head>\n<body>\n\n    <!-- Hero Section -->\n    <section class=\"hero\">\n        <div class=\"container\">\n            <h1>Zestaw 24 Element\u00f3w: Szk\u0142o Premium<\/h1>\n            <p>Twoja kuchnia zas\u0142uguje na najlepsz\u0105 organizacj\u0119. Poznaj pojemniki, kt\u00f3re zmieniaj\u0105 zasady gry.<\/p>\n            <img decoding=\"async\" src=\"https:\/\/sc01.alicdn.com\/kf\/S2f2e9ba596734b5abf7df1e44df0dad2w.jpeg\" alt=\"G\u0142\u00f3wny produkt\" class=\"main-img\">\n        <\/div>\n    <\/section>\n\n    <!-- Detailed Feature (Leak-proof & Stacking) -->\n    <section class=\"detail-feature\">\n        <div class=\"container\">\n            <div class=\"detail-flex\">\n                <div class=\"detail-img\">\n                    <img decoding=\"async\" src=\"https:\/\/sc01.alicdn.com\/kf\/S93b9b190dcc84f618e4460bd68af528bm.jpg\" alt=\"Szczelno\u015b\u0107 i pi\u0119trowanie\">\n                <\/div>\n                <div class=\"detail-text\">\n                    <h2 style=\"color: var(--primary-purple);\">W 100% Szczelne i Mo\u017cliwo\u015b\u0107 Pi\u0119trowania<\/h2>\n                    <p>Zapomnij o wyciekach w torbie! Nasza innowacyjna technologia uszczelniania gwarantuje pe\u0142ne bezpiecze\u0144stwo podczas transportu zup czy sos\u00f3w. Dodatkowo, inteligentna konstrukcja pozwala na pi\u0119trowanie pojemnik\u00f3w, co oszcz\u0119dza mn\u00f3stwo miejsca w Twojej szafce.<\/p>\n                <\/div>\n            <\/div>\n        <\/div>\n    <\/section>\n\n    <!-- Usage Scenarios (Grid) -->\n    <section class=\"usage-section\">\n        <div class=\"container\">\n            <h2 class=\"section-title\">Jeden Pojemnik, Niesko\u0144czone Mo\u017cliwo\u015bci<\/h2>\n            <div class=\"usage-grid\">\n                <div class=\"usage-card\">\n                    <img decoding=\"async\" src=\"https:\/\/sc01.alicdn.com\/kf\/Scd518db9eb874aaba99ab45adbe5c599a.jpg\" alt=\"U\u017cycie w piekarniku i lod\u00f3wce\">\n                    <p style=\"text-align: center; font-weight: bold; margin-top: 10px;\">Z piekarnika prosto do lod\u00f3wki<\/p>\n                <\/div>\n                <div class=\"usage-card\">\n                    <img decoding=\"async\" src=\"https:\/\/sc01.alicdn.com\/kf\/Sb90bb429ea964c0bab342f6781caffc7r.jpg\" alt=\"Zastosowanie w kuchni\">\n                    <p style=\"text-align: center; font-weight: bold; margin-top: 10px;\">Wszechstronno\u015b\u0107 ka\u017cdego dnia<\/p>\n                <\/div>\n            <\/div>\n        <\/div>\n    <\/section>\n\n    <!-- Features -->\n    <section class=\"container features\">\n        <div class=\"feature-item\">\n            <div class=\"feature-icon\">\u2744\ufe0f<\/div>\n            <h3>Zamra\u017carka<\/h3>\n            <p>Bezpieczne przechowywanie mro\u017conek.<\/p>\n        <\/div>\n        <div class=\"feature-item\">\n            <div class=\"feature-icon\">\u2668\ufe0f<\/div>\n            <h3>Mikrofala<\/h3>\n            <p>Szybkie podgrzewanie bez zdejmowania pokrywki.<\/p>\n        <\/div>\n        <div class=\"feature-item\">\n            <div class=\"feature-icon\">\ud83e\uddfc<\/div>\n            <h3>Zmywarka<\/h3>\n            <p>\u0141atwe czyszczenie bez zaciek\u00f3w.<\/p>\n        <\/div>\n        <div class=\"feature-item\">\n            <div class=\"feature-icon\">\ud83c\udf43<\/div>\n            <h3>BPA Free<\/h3>\n            <p>Zdrowy wyb\u00f3r dla Twojej rodziny.<\/p>\n        <\/div>\n    <\/section>\n\n    <!-- CTA Section -->\n    <section class=\"cta\">\n        <div class=\"container\">\n            <h2>Gotowy na Rewolucj\u0119 w Kuchni?<\/h2>\n            <p>Zam\u00f3w teraz kompletny zestaw 24-cz\u0119\u015bciowy i ciesz si\u0119 porz\u0105dkiem przez lata.<\/p>\n            <a href=\"#\" class=\"btn-buy\">ZAM\u00d3W TERAZ<\/a>\n        <\/div>\n    <\/section>\n\n    <footer>\n        <p>&copy; 2026 Home &#038; Kitchen Essentials Poland. Jako\u015b\u0107, kt\u00f3rej mo\u017cesz zaufa\u0107.<\/p>\n    <\/footer>\n\n<\/body>\n<\/html>\t\t\t\t\t\t\t\t<\/div>\n\t\t\t\t\t<\/div>\n\t\t\t\t<\/div>\n\t\t\t\t<\/div>","protected":false},"excerpt":{"rendered":"<p>Zestaw 24 Szklanych Pojemnik\u00f3w Premium | 100% Szczelne Zestaw 24 Element\u00f3w: Szk\u0142o Premium Twoja kuchnia zas\u0142uguje na najlepsz\u0105 organizacj\u0119. Poznaj pojemniki, kt\u00f3re zmieniaj\u0105 zasady gry. W 100% Szczelne i Mo\u017cliwo\u015b\u0107 Pi\u0119trowania Zapomnij o wyciekach w torbie! Nasza innowacyjna technologia uszczelniania gwarantuje pe\u0142ne bezpiecze\u0144stwo podczas transportu zup czy sos\u00f3w. Dodatkowo, inteligentna konstrukcja pozwala na pi\u0119trowanie pojemnik\u00f3w, [&hellip;]<\/p>\n","protected":false},"featured_media":1282,"comment_status":"open","ping_status":"closed","template":"","meta":{"_acf_changed":false},"product_brand":[],"product_cat":[38,53],"product_tag":[],"class_list":{"0":"post-1281","1":"product","2":"type-product","3":"status-publish","4":"has-post-thumbnail","6":"product_cat-kitchen","7":"product_cat-new-in","9":"first","10":"instock","11":"sale","12":"shipping-taxable","13":"purchasable","14":"product-type-simple"},"acf":[],"_links":{"self":[{"href":"https:\/\/dailychoicemart.shop\/pl\/wp-json\/wp\/v2\/product\/1281","targetHints":{"allow":["GET"]}}],"collection":[{"href":"https:\/\/dailychoicemart.shop\/pl\/wp-json\/wp\/v2\/product"}],"about":[{"href":"https:\/\/dailychoicemart.shop\/pl\/wp-json\/wp\/v2\/types\/product"}],"replies":[{"embeddable":true,"href":"https:\/\/dailychoicemart.shop\/pl\/wp-json\/wp\/v2\/comments?post=1281"}],"version-history":[{"count":5,"href":"https:\/\/dailychoicemart.shop\/pl\/wp-json\/wp\/v2\/product\/1281\/revisions"}],"predecessor-version":[{"id":1362,"href":"https:\/\/dailychoicemart.shop\/pl\/wp-json\/wp\/v2\/product\/1281\/revisions\/1362"}],"wp:featuredmedia":[{"embeddable":true,"href":"https:\/\/dailychoicemart.shop\/pl\/wp-json\/wp\/v2\/media\/1282"}],"wp:attachment":[{"href":"https:\/\/dailychoicemart.shop\/pl\/wp-json\/wp\/v2\/media?parent=1281"}],"wp:term":[{"taxonomy":"product_brand","embeddable":true,"href":"https:\/\/dailychoicemart.shop\/pl\/wp-json\/wp\/v2\/product_brand?post=1281"},{"taxonomy":"product_cat","embeddable":true,"href":"https:\/\/dailychoicemart.shop\/pl\/wp-json\/wp\/v2\/product_cat?post=1281"},{"taxonomy":"product_tag","embeddable":true,"href":"https:\/\/dailychoicemart.shop\/pl\/wp-json\/wp\/v2\/product_tag?post=1281"}],"curies":[{"name":"wp","href":"https:\/\/api.w.org\/{rel}","templated":true}]}}